{"id":13,"date":"2025-05-20T00:13:59","date_gmt":"2025-05-20T00:13:59","guid":{"rendered":"https:\/\/anaigansiadvocacias.adv.br\/?page_id=13"},"modified":"2025-06-26T12:50:32","modified_gmt":"2025-06-26T12:50:32","slug":"sobre","status":"publish","type":"page","link":"https:\/\/igansiadvocacia.adv.br\/site\/sobre\/","title":{"rendered":"Sobre N\u00f3s"},"content":{"rendered":"\t\t<div data-elementor-type=\"wp-page\" data-elementor-id=\"13\" class=\"elementor elementor-13\">\n\t\t\t\t<div class=\"elementor-element elementor-element-fb6cc01 e-flex e-con-boxed wpr-particle-no wpr-jarallax-no wpr-parallax-no wpr-sticky-section-no e-con e-parent\" data-id=\"fb6cc01\" data-element_type=\"container\" data-settings=\"{&quot;background_background&quot;:&quot;gradient&quot;}\">\n\t\t\t\t\t<div class=\"e-con-inner\">\n\t\t<div class=\"elementor-element elementor-element-80f019a e-con-full e-flex wpr-particle-no wpr-jarallax-no wpr-parallax-no wpr-sticky-section-no e-con e-child\" data-id=\"80f019a\" data-element_type=\"container\">\n\t\t\t\t<div class=\"elementor-element elementor-element-a12b871 elementor-widget elementor-widget-image\" data-id=\"a12b871\" data-element_type=\"widget\" data-widget_type=\"image.default\">\n\t\t\t\t<div class=\"elementor-widget-container\">\n\t\t\t\t\t\t\t\t\t\t\t\t\t\t\t<img fetchpriority=\"high\" decoding=\"async\" width=\"768\" height=\"1024\" src=\"https:\/\/igansiadvocacia.adv.br\/site\/wp-content\/uploads\/2025\/06\/Imagem-do-WhatsApp-de-2025-06-25-as-13.30.45_30ed6d2d-768x1024.jpg\" class=\"attachment-large size-large wp-image-416\" alt=\"\" srcset=\"https:\/\/igansiadvocacia.adv.br\/site\/wp-content\/uploads\/2025\/06\/Imagem-do-WhatsApp-de-2025-06-25-as-13.30.45_30ed6d2d-768x1024.jpg 768w, https:\/\/igansiadvocacia.adv.br\/site\/wp-content\/uploads\/2025\/06\/Imagem-do-WhatsApp-de-2025-06-25-as-13.30.45_30ed6d2d-225x300.jpg 225w, https:\/\/igansiadvocacia.adv.br\/site\/wp-content\/uploads\/2025\/06\/Imagem-do-WhatsApp-de-2025-06-25-as-13.30.45_30ed6d2d.jpg 1071w\" sizes=\"(max-width: 768px) 100vw, 768px\" \/>\t\t\t\t\t\t\t\t\t\t\t\t\t\t\t<\/div>\n\t\t\t\t<\/div>\n\t\t\t\t<\/div>\n\t\t<div class=\"elementor-element elementor-element-cbb683b e-con-full e-flex wpr-particle-no wpr-jarallax-no wpr-parallax-no wpr-sticky-section-no e-con e-child\" data-id=\"cbb683b\" data-element_type=\"container\">\n\t\t\t\t<div class=\"elementor-element elementor-element-8cb1ff7 elementor-widget elementor-widget-heading\" data-id=\"8cb1ff7\" data-element_type=\"widget\" data-widget_type=\"heading.default\">\n\t\t\t\t<div class=\"elementor-widget-container\">\n\t\t\t\t\t<h2 class=\"elementor-heading-title elementor-size-default\"> Dra. Ana Mariza Igansi - OAB-RS 33.356<\/h2>\t\t\t\t<\/div>\n\t\t\t\t<\/div>\n\t\t\t\t<div class=\"elementor-element elementor-element-5221c30 elementor-widget elementor-widget-text-editor\" data-id=\"5221c30\" data-element_type=\"widget\" data-widget_type=\"text-editor.default\">\n\t\t\t\t<div class=\"elementor-widget-container\">\n\t\t\t\t\t\t\t\t\t<p>Ana Igansi \u00e9\u00a0 Advogada Brasileira especializada em Direito Tribut\u00e1rio, com mais de 30 anos de experi\u00eancia na \u00e1rea. Ela \u00e9 fundadora e Diretora da Ana Igansi Advocacia, com seu escrit\u00f3rio no RS, que oferece servi\u00e7os Jur\u00eddicos voltados para a redu\u00e7\u00e3o de passivos tribut\u00e1rios, revis\u00e3o de execu\u00e7\u00f5es fiscais e planejamento tribut\u00e1rio para empresas e pessoas f\u00edsicas.<\/p><p>Ela compartilha conte\u00fados informativos sobre temas Jur\u00eddicos em seu Blog e nas redes sociais, abordando assuntos como execu\u00e7\u00f5es fiscais indevidas, revis\u00e3o de contratos de planos de sa\u00fade e Direitos dos contribuintes.<\/p><p>&#8220;Ana Igansi: Advogada cuja trajet\u00f3ria se forja na \u00e9tica, na sensibilidade e na incans\u00e1vel busca pela justi\u00e7a; uma mulher que, com sabedoria e humanidade, transforma o rigor da lei em instrumento de acolhimento, prote\u00e7\u00e3o e dignidade.&#8221;<\/p>\t\t\t\t\t\t\t\t<\/div>\n\t\t\t\t<\/div>\n\t\t\t\t<\/div>\n\t\t\t\t\t<\/div>\n\t\t\t\t<\/div>\n\t\t<div class=\"elementor-element elementor-element-49db4f7 e-flex e-con-boxed wpr-particle-no wpr-jarallax-no wpr-parallax-no wpr-sticky-section-no e-con e-parent\" data-id=\"49db4f7\" data-element_type=\"container\" data-settings=\"{&quot;background_background&quot;:&quot;classic&quot;}\">\n\t\t\t\t\t<div class=\"e-con-inner\">\n\t\t\t\t<div class=\"elementor-element elementor-element-8305445 elementor-widget elementor-widget-heading\" data-id=\"8305445\" data-element_type=\"widget\" data-widget_type=\"heading.default\">\n\t\t\t\t<div class=\"elementor-widget-container\">\n\t\t\t\t\t<h2 class=\"elementor-heading-title elementor-size-default\">Forma\u00e7\u00e3o Acad\u00eamicas<\/h2>\t\t\t\t<\/div>\n\t\t\t\t<\/div>\n\t\t\t\t<div class=\"elementor-element elementor-element-3de3dee elementor-widget elementor-widget-text-editor\" data-id=\"3de3dee\" data-element_type=\"widget\" data-widget_type=\"text-editor.default\">\n\t\t\t\t<div class=\"elementor-widget-container\">\n\t\t\t\t\t\t\t\t\t<p><strong>Dra. Ana Mariza Igansi &#8211; OAB-RS 33.356<\/strong><br \/>*Formada em Direito pela Unisinos<br \/>*P\u00f3s-gradua\u00e7\u00e3o em Direito do Trabalho<br \/>*P\u00f3s-gradua\u00e7\u00e3o em Direito de Fam\u00edlia<br \/>*P\u00f3s-gradua\u00e7\u00e3o em Direito Tribut\u00e1rio e Auditoria Tribut\u00e1ria<br \/>*P\u00f3s-gradua\u00e7\u00e3o em Planejamento Tribut\u00e1rio<br \/>*P\u00f3s-gradua\u00e7\u00e3o em Execu\u00e7\u00e3o Fiscal e Prescri\u00e7\u00e3o<br \/>*P\u00f3s-gradua\u00e7\u00e3o em M\u00e9todo Harvard de Negocia\u00e7\u00e3o Jur\u00eddica<br \/>*P\u00f3s-gradua\u00e7\u00e3o em M\u00e9todo Harvard de Negocia\u00e7\u00e3o Jur\u00eddica &#8211; Negocia\u00e7\u00e3o n\u00e3o violenta: Como conduzir pessoas<br \/>dif\u00edceis ao SIM<br \/>*P\u00f3s-gradua\u00e7\u00e3o em Expert em Audi\u00eancias<br \/>*P\u00f3s-gradua\u00e7\u00e3o em Expert em Execu\u00e7\u00e3o<br \/>*P\u00f3s-gradua\u00e7\u00e3o em Regulariza\u00e7\u00e3o de Im\u00f3veis na Pr\u00e1tica<br \/>*Curso de atualiza\u00e7\u00e3o em Licita\u00e7\u00f5es \u2013 Nova Lei e altera\u00e7\u00f5es (2022)<br \/>*Curso de atualiza\u00e7\u00e3o de Contesta\u00e7\u00e3o Ideal<br \/>*Curso de Checklist da Busca de Bens e Tabela do Laranja<br \/>*Curso de M\u00e9todo da Virada do Processo com o Ex-Juiz Federal Erick Navarro \u2013 S\u00e3o Paulo<br \/>Mentoria de Produtividade MP4.0 com Christian Barbosa<br \/>*Curso de Procrastina\u00e7\u00e3o com Christian Barbosa<br \/>*Curso de Gest\u00e3o do Tempo e Processo com Christian Barbosa<br \/>*Curso Trilha da Aprendizagem com enfoque em Gest\u00e3o Financeira Blindada com Equipe Neotriad e Christian<br \/>Barbosa<br \/>*Curso de Intelig\u00eancia Financeira com Gustavo Cerbasi<br \/>*Integrante do Grupo de Estudo do Christian Barbosa, Jacob Petry, Daniela Lago, Liz Kimura (EUA, Espanha e SP)<br \/>Fa\u00e7o parte do Grupo de Educadores Executivos da Escola E3 de Al\u00ea Prates (SP).<\/p>\t\t\t\t\t\t\t\t<\/div>\n\t\t\t\t<\/div>\n\t\t\t\t\t<\/div>\n\t\t\t\t<\/div>\n\t\t\t\t<\/div>\n\t\t","protected":false},"excerpt":{"rendered":"<p>Dra. Ana Mariza Igansi &#8211; OAB-RS 33.356 Ana Igansi \u00e9\u00a0 Advogada Brasileira especializada em Direito Tribut\u00e1rio, com mais de 30 anos de experi\u00eancia na \u00e1rea. Ela \u00e9 fundadora e Diretora da Ana Igansi Advocacia, com seu escrit\u00f3rio no RS, que oferece servi\u00e7os Jur\u00eddicos voltados para a redu\u00e7\u00e3o de passivos tribut\u00e1rios, revis\u00e3o de execu\u00e7\u00f5es fiscais e planejamento tribut\u00e1rio para empresas e pessoas f\u00edsicas. Ela compartilha conte\u00fados informativos sobre temas Jur\u00eddicos em seu Blog e nas redes sociais, abordando assuntos como execu\u00e7\u00f5es fiscais indevidas, revis\u00e3o de contratos de planos de sa\u00fade e Direitos dos contribuintes. &#8220;Ana Igansi: Advogada cuja trajet\u00f3ria se forja na \u00e9tica, na sensibilidade e na incans\u00e1vel busca pela justi\u00e7a; uma mulher que, com sabedoria e humanidade, transforma o rigor da lei em instrumento de acolhimento, prote\u00e7\u00e3o e dignidade.&#8221; Forma\u00e7\u00e3o Acad\u00eamicas Dra. Ana Mariza Igansi &#8211; OAB-RS 33.356*Formada em Direito pela Unisinos*P\u00f3s-gradua\u00e7\u00e3o em Direito do Trabalho*P\u00f3s-gradua\u00e7\u00e3o em Direito de Fam\u00edlia*P\u00f3s-gradua\u00e7\u00e3o em Direito Tribut\u00e1rio e Auditoria Tribut\u00e1ria*P\u00f3s-gradua\u00e7\u00e3o em Planejamento Tribut\u00e1rio*P\u00f3s-gradua\u00e7\u00e3o em Execu\u00e7\u00e3o Fiscal e Prescri\u00e7\u00e3o*P\u00f3s-gradua\u00e7\u00e3o em M\u00e9todo Harvard de Negocia\u00e7\u00e3o Jur\u00eddica*P\u00f3s-gradua\u00e7\u00e3o em M\u00e9todo Harvard de Negocia\u00e7\u00e3o Jur\u00eddica &#8211; Negocia\u00e7\u00e3o n\u00e3o violenta: Como conduzir pessoasdif\u00edceis ao SIM*P\u00f3s-gradua\u00e7\u00e3o em Expert em Audi\u00eancias*P\u00f3s-gradua\u00e7\u00e3o em Expert em Execu\u00e7\u00e3o*P\u00f3s-gradua\u00e7\u00e3o em Regulariza\u00e7\u00e3o de Im\u00f3veis na Pr\u00e1tica*Curso de atualiza\u00e7\u00e3o em Licita\u00e7\u00f5es \u2013 Nova Lei e altera\u00e7\u00f5es (2022)*Curso de atualiza\u00e7\u00e3o de Contesta\u00e7\u00e3o Ideal*Curso de Checklist da Busca de Bens e Tabela do Laranja*Curso de M\u00e9todo da Virada do Processo com o Ex-Juiz Federal Erick Navarro \u2013 S\u00e3o PauloMentoria de Produtividade MP4.0 com Christian Barbosa*Curso de Procrastina\u00e7\u00e3o com Christian Barbosa*Curso de Gest\u00e3o do Tempo e Processo com Christian Barbosa*Curso Trilha da Aprendizagem com enfoque em Gest\u00e3o Financeira Blindada com Equipe Neotriad e ChristianBarbosa*Curso de Intelig\u00eancia Financeira com Gustavo Cerbasi*Integrante do Grupo de Estudo do Christian Barbosa, Jacob Petry, Daniela Lago, Liz Kimura (EUA, Espanha e SP)Fa\u00e7o parte do Grupo de Educadores Executivos da Escola E3 de Al\u00ea Prates (SP).<\/p>\n","protected":false},"author":3,"featured_media":0,"parent":0,"menu_order":0,"comment_status":"closed","ping_status":"closed","template":"","meta":{"_uag_custom_page_level_css":"","_joinchat":[],"footnotes":""},"class_list":["post-13","page","type-page","status-publish","hentry"],"uagb_featured_image_src":{"full":false,"thumbnail":false,"medium":false,"medium_large":false,"large":false,"1536x1536":false,"2048x2048":false},"uagb_author_info":{"display_name":"msweb2016","author_link":"https:\/\/igansiadvocacia.adv.br\/site\/author\/msweb2016\/"},"uagb_comment_info":0,"uagb_excerpt":"Dra. Ana Mariza Igansi &#8211; OAB-RS 33.356 Ana Igansi \u00e9\u00a0 Advogada Brasileira especializada em Direito Tribut\u00e1rio, com mais de 30 anos de experi\u00eancia na \u00e1rea. Ela \u00e9 fundadora e Diretora da Ana Igansi Advocacia, com seu escrit\u00f3rio no RS, que oferece servi\u00e7os Jur\u00eddicos voltados para a redu\u00e7\u00e3o de passivos tribut\u00e1rios, revis\u00e3o de execu\u00e7\u00f5es fiscais e&hellip;","_links":{"self":[{"href":"https:\/\/igansiadvocacia.adv.br\/site\/wp-json\/wp\/v2\/pages\/13","targetHints":{"allow":["GET"]}}],"collection":[{"href":"https:\/\/igansiadvocacia.adv.br\/site\/wp-json\/wp\/v2\/pages"}],"about":[{"href":"https:\/\/igansiadvocacia.adv.br\/site\/wp-json\/wp\/v2\/types\/page"}],"author":[{"embeddable":true,"href":"https:\/\/igansiadvocacia.adv.br\/site\/wp-json\/wp\/v2\/users\/3"}],"replies":[{"embeddable":true,"href":"https:\/\/igansiadvocacia.adv.br\/site\/wp-json\/wp\/v2\/comments?post=13"}],"version-history":[{"count":17,"href":"https:\/\/igansiadvocacia.adv.br\/site\/wp-json\/wp\/v2\/pages\/13\/revisions"}],"predecessor-version":[{"id":419,"href":"https:\/\/igansiadvocacia.adv.br\/site\/wp-json\/wp\/v2\/pages\/13\/revisions\/419"}],"wp:attachment":[{"href":"https:\/\/igansiadvocacia.adv.br\/site\/wp-json\/wp\/v2\/media?parent=13"}],"curies":[{"name":"wp","href":"https:\/\/api.w.org\/{rel}","templated":true}]}}